{"id":2288,"date":"2024-06-27T07:51:11","date_gmt":"2024-06-27T06:51:11","guid":{"rendered":"https:\/\/www.higa.sk\/?page_id=2288"},"modified":"2024-08-26T19:37:38","modified_gmt":"2024-08-26T18:37:38","slug":"dokumenty-pl","status":"publish","type":"page","link":"https:\/\/www.higa.sk\/index.php\/pl\/dokumenty-pl\/","title":{"rendered":"Dokumenty"},"content":{"rendered":"\t\t<div data-elementor-type=\"wp-page\" data-elementor-id=\"2288\" class=\"elementor elementor-2288\" data-elementor-post-type=\"page\">\n\t\t\t\t\t\t<section class=\"elementor-section elementor-top-section elementor-element elementor-element-025434f elementor-section-full_width elementor-section-height-default elementor-section-height-default\" data-id=\"025434f\" data-element_type=\"section\" data-settings=\"{&quot;background_background&quot;:&quot;classic&quot;}\">\n\t\t\t\t\t\t<div class=\"elementor-container elementor-column-gap-no\">\n\t\t\t\t\t<div class=\"elementor-column elementor-col-100 elementor-top-column elementor-element elementor-element-df19112\" data-id=\"df19112\" data-element_type=\"column\">\n\t\t\t<div class=\"elementor-widget-wrap elementor-element-populated\">\n\t\t\t\t\t\t\t<\/div>\n\t\t<\/div>\n\t\t\t\t\t<\/div>\n\t\t<\/section>\n\t\t\t\t<section class=\"elementor-section elementor-top-section elementor-element elementor-element-055b4c6 elementor-section-height-min-height elementor-section-content-middle elementor-section-items-stretch elementor-section-full_width elementor-section-height-default\" data-id=\"055b4c6\" data-element_type=\"section\" data-settings=\"{&quot;background_background&quot;:&quot;classic&quot;,&quot;animation&quot;:&quot;none&quot;}\">\n\t\t\t\t\t\t\t<div class=\"elementor-background-overlay\"><\/div>\n\t\t\t\t\t\t\t<div class=\"elementor-container elementor-column-gap-default\">\n\t\t\t\t\t<div class=\"elementor-column elementor-col-100 elementor-top-column elementor-element elementor-element-9f68c49 elementor-invisible\" data-id=\"9f68c49\" data-element_type=\"column\" data-settings=\"{&quot;animation&quot;:&quot;fadeInDown&quot;,&quot;background_background&quot;:&quot;classic&quot;}\">\n\t\t\t<div class=\"elementor-widget-wrap elementor-element-populated\">\n\t\t\t\t\t\t<div class=\"elementor-element elementor-element-64b4e7a elementor-widget__width-inherit elementor-absolute elementor-widget elementor-widget-heading\" data-id=\"64b4e7a\" data-element_type=\"widget\" data-settings=\"{&quot;_position&quot;:&quot;absolute&quot;}\" data-widget_type=\"heading.default\">\n\t\t\t\t<div class=\"elementor-widget-container\">\n\t\t\t<h2 class=\"elementor-heading-title elementor-size-default\">Dokumenty<\/h2>\t\t<\/div>\n\t\t\t\t<\/div>\n\t\t\t\t<div class=\"elementor-element elementor-element-3790a28 elementor-widget elementor-widget-heading\" data-id=\"3790a28\" data-element_type=\"widget\" data-widget_type=\"heading.default\">\n\t\t\t\t<div class=\"elementor-widget-container\">\n\t\t\t<h2 class=\"elementor-heading-title elementor-size-default\">Certyfikaty, oficjalne dokumenty\n<\/h2>\t\t<\/div>\n\t\t\t\t<\/div>\n\t\t\t\t<div class=\"elementor-element elementor-element-2f70357 elementor-widget elementor-widget-heading\" data-id=\"2f70357\" data-element_type=\"widget\" data-widget_type=\"heading.default\">\n\t\t\t\t<div class=\"elementor-widget-container\">\n\t\t\t<h6 class=\"elementor-heading-title elementor-size-default\">Je\u015bli chcesz dowiedzie\u0107 si\u0119 wi\u0119cej o nas.\n<\/h6>\t\t<\/div>\n\t\t\t\t<\/div>\n\t\t\t\t\t<\/div>\n\t\t<\/div>\n\t\t\t\t\t<\/div>\n\t\t<\/section>\n\t\t\t\t<section class=\"elementor-section elementor-top-section elementor-element elementor-element-fa143d3 elementor-section-boxed elementor-section-height-default elementor-section-height-default\" data-id=\"fa143d3\" data-element_type=\"section\" data-settings=\"{&quot;background_motion_fx_translateY_effect&quot;:&quot;yes&quot;,&quot;background_motion_fx_translateY_direction&quot;:&quot;negative&quot;,&quot;background_motion_fx_translateY_speed&quot;:{&quot;unit&quot;:&quot;px&quot;,&quot;size&quot;:3,&quot;sizes&quot;:[]},&quot;background_motion_fx_devices&quot;:[&quot;desktop&quot;],&quot;shape_divider_bottom&quot;:&quot;mountains&quot;,&quot;background_motion_fx_scale_speed&quot;:{&quot;unit&quot;:&quot;px&quot;,&quot;size&quot;:0,&quot;sizes&quot;:[]},&quot;background_motion_fx_translateX_effect&quot;:&quot;yes&quot;,&quot;background_motion_fx_opacity_effect&quot;:&quot;yes&quot;,&quot;background_motion_fx_blur_effect&quot;:&quot;yes&quot;,&quot;background_motion_fx_scale_effect&quot;:&quot;yes&quot;,&quot;background_motion_fx_translateY_affectedRange&quot;:{&quot;unit&quot;:&quot;%&quot;,&quot;size&quot;:&quot;&quot;,&quot;sizes&quot;:{&quot;start&quot;:0,&quot;end&quot;:100}},&quot;background_motion_fx_translateX_speed&quot;:{&quot;unit&quot;:&quot;px&quot;,&quot;size&quot;:4,&quot;sizes&quot;:[]},&quot;background_motion_fx_translateX_affectedRange&quot;:{&quot;unit&quot;:&quot;%&quot;,&quot;size&quot;:&quot;&quot;,&quot;sizes&quot;:{&quot;start&quot;:0,&quot;end&quot;:100}},&quot;background_motion_fx_opacity_direction&quot;:&quot;out-in&quot;,&quot;background_motion_fx_opacity_level&quot;:{&quot;unit&quot;:&quot;px&quot;,&quot;size&quot;:10,&quot;sizes&quot;:[]},&quot;background_motion_fx_opacity_range&quot;:{&quot;unit&quot;:&quot;%&quot;,&quot;size&quot;:&quot;&quot;,&quot;sizes&quot;:{&quot;start&quot;:20,&quot;end&quot;:80}},&quot;background_motion_fx_blur_direction&quot;:&quot;out-in&quot;,&quot;background_motion_fx_blur_level&quot;:{&quot;unit&quot;:&quot;px&quot;,&quot;size&quot;:7,&quot;sizes&quot;:[]},&quot;background_motion_fx_blur_range&quot;:{&quot;unit&quot;:&quot;%&quot;,&quot;size&quot;:&quot;&quot;,&quot;sizes&quot;:{&quot;start&quot;:20,&quot;end&quot;:80}},&quot;background_motion_fx_scale_direction&quot;:&quot;out-in&quot;,&quot;background_motion_fx_scale_range&quot;:{&quot;unit&quot;:&quot;%&quot;,&quot;size&quot;:&quot;&quot;,&quot;sizes&quot;:{&quot;start&quot;:20,&quot;end&quot;:80}}}\">\n\t\t\t\t\t<div class=\"elementor-shape elementor-shape-bottom\" data-negative=\"false\">\n\t\t\t<svg xmlns=\"http:\/\/www.w3.org\/2000\/svg\" viewBox=\"0 0 1000 100\" preserveAspectRatio=\"none\">\n\t<path class=\"elementor-shape-fill\" opacity=\"0.33\" d=\"M473,67.3c-203.9,88.3-263.1-34-320.3,0C66,119.1,0,59.7,0,59.7V0h1000v59.7 c0,0-62.1,26.1-94.9,29.3c-32.8,3.3-62.8-12.3-75.8-22.1C806,49.6,745.3,8.7,694.9,4.7S492.4,59,473,67.3z\"\/>\n\t<path class=\"elementor-shape-fill\" opacity=\"0.66\" d=\"M734,67.3c-45.5,0-77.2-23.2-129.1-39.1c-28.6-8.7-150.3-10.1-254,39.1 s-91.7-34.4-149.2,0C115.7,118.3,0,39.8,0,39.8V0h1000v36.5c0,0-28.2-18.5-92.1-18.5C810.2,18.1,775.7,67.3,734,67.3z\"\/>\n\t<path class=\"elementor-shape-fill\" d=\"M766.1,28.9c-200-57.5-266,65.5-395.1,19.5C242,1.8,242,5.4,184.8,20.6C128,35.8,132.3,44.9,89.9,52.5C28.6,63.7,0,0,0,0 h1000c0,0-9.9,40.9-83.6,48.1S829.6,47,766.1,28.9z\"\/>\n<\/svg>\t\t<\/div>\n\t\t\t\t\t<div class=\"elementor-container elementor-column-gap-default\">\n\t\t\t\t\t<div class=\"elementor-column elementor-col-100 elementor-top-column elementor-element elementor-element-4f07593a\" data-id=\"4f07593a\" data-element_type=\"column\">\n\t\t\t<div class=\"elementor-widget-wrap elementor-element-populated\">\n\t\t\t\t\t\t<div class=\"elementor-element elementor-element-56cba16 elementor-widget elementor-widget-heading\" data-id=\"56cba16\" data-element_type=\"widget\" data-widget_type=\"heading.default\">\n\t\t\t\t<div class=\"elementor-widget-container\">\n\t\t\t<h2 class=\"elementor-heading-title elementor-size-default\">Polityka zwrot\u00f3w<\/h2>\t\t<\/div>\n\t\t\t\t<\/div>\n\t\t\t\t<section class=\"elementor-section elementor-inner-section elementor-element elementor-element-fe1e2a3 elementor-section-boxed elementor-section-height-default elementor-section-height-default\" data-id=\"fe1e2a3\" data-element_type=\"section\" data-settings=\"{&quot;background_background&quot;:&quot;classic&quot;}\">\n\t\t\t\t\t\t<div class=\"elementor-container elementor-column-gap-default\">\n\t\t\t\t\t<div class=\"elementor-column elementor-col-100 elementor-inner-column elementor-element elementor-element-c1a9369\" data-id=\"c1a9369\" data-element_type=\"column\">\n\t\t\t<div class=\"elementor-widget-wrap elementor-element-populated\">\n\t\t\t\t\t\t<div class=\"elementor-element elementor-element-01da169 elementor-widget elementor-widget-heading\" data-id=\"01da169\" data-element_type=\"widget\" data-widget_type=\"heading.default\">\n\t\t\t\t<div class=\"elementor-widget-container\">\n\t\t\t<h5 class=\"elementor-heading-title elementor-size-default\">Obowi\u0105zuje od 1.1.2021\t\t\t<\/h5>\t\t<\/div>\n\t\t\t\t<\/div>\n\t\t\t\t\t<\/div>\n\t\t<\/div>\n\t\t\t\t\t<\/div>\n\t\t<\/section>\n\t\t\t\t<div class=\"elementor-element elementor-element-ae1ce71 elementor-widget elementor-widget-text-editor\" data-id=\"ae1ce71\" data-element_type=\"widget\" data-widget_type=\"text-editor.default\">\n\t\t\t\t<div class=\"elementor-widget-container\">\n\t\t\t\t\t\t\t<ol><li>Produkty dostarczone od firmy Higa s.r.o. Spe\u0142niaj\u0105 nasurowsze kryteria na jako\u015b\u0107 materia\u0142u. Spe\u0142niaj\u0105 wymagania normy OEKO-TEX 100 a nadaj\u0105 si\u0119 do stosowania na odzie\u017c dzieci\u0119c\u0105, maj\u0105c\u0105 kontakt ze sk\u00f3r\u0105<\/li><li>Nie zawieraj\u0105 \u017cadne metale ci\u0119\u017ckie ani niebezpieczne materia\u0142y<\/li><li>Klientowi w oparciu o wsp\u00f3lnie zaakceptowany projekt, przys\u0142uguje bezp\u0142atna pr\u00f3bka w ilo\u015bci 1 sztuki przy zam\u00f3wieniu wi\u0119kszym jak 1000 sztuk z danego wzoru. Pr\u00f3bka wykonywana jest g\u0142\u00f3wnie w celu sprawdzenia koloru.<\/li><li>W przypadku je\u015bli kolor pr\u00f3bki nieodpowiada, wyprodukujemy now\u0105 pr\u00f3bk\u0119.<\/li><li>Je\u015bli klient zmieni podstawowy projekt, produkcja kolejnej pr\u00f3bki jest p\u0142atna 35\u20ac.<\/li><li>Standardowy czas dostawy to 14 dni.<\/li><li>W przypadku zaakceptowania pr\u00f3bki, ca\u0142a paczka b\u0119dzie przekazana klientowi.<\/li><li>Klient nie ma prawa sk\u0142ada\u0107 reklamacji na wygl\u0105d i kolor etykiety po zaakceptowaniu pr\u00f3bki.<\/li><li>U nowych klient\u00f3w \u017cadamy p\u0142acenia przy odbiorze produkt\u00f3w.<\/li><li>W przypadku niezadowolenia z produkt\u00f3w po dostawie bez wykonania pr\u00f3bki klient ma prawo je zwr\u00f3ci\u0107 i zwrot pieni\u0119dzy.<\/li><li>Reklamacje s\u0105 mo\u017cliwe do 30 dni od wys\u0142ania.<\/li><\/ol>\t\t\t\t\t\t<\/div>\n\t\t\t\t<\/div>\n\t\t\t\t<div class=\"elementor-element elementor-element-1e3f918 elementor-widget elementor-widget-heading\" data-id=\"1e3f918\" data-element_type=\"widget\" data-widget_type=\"heading.default\">\n\t\t\t\t<div class=\"elementor-widget-container\">\n\t\t\t<h2 class=\"elementor-heading-title elementor-size-default\">Oficjalne dokumenty<\/h2>\t\t<\/div>\n\t\t\t\t<\/div>\n\t\t\t\t<div class=\"elementor-element elementor-element-880a9eb elementor-widget elementor-widget-text-editor\" data-id=\"880a9eb\" data-element_type=\"widget\" data-widget_type=\"text-editor.default\">\n\t\t\t\t<div class=\"elementor-widget-container\">\n\t\t\t\t\t\t\t<p style=\"text-align: justify;\">Nasze etykiety spe\u0142niaj\u0105 najwi\u0119ksze standardy ochrony konsumenta przed nie\u017c\u0105danymi wp\u0142ywami i posiadaj\u0105 certyfikaty pa\u0144stwowych certifikowanych laboratori\u00f3w. Testowane by\u0142y na ponad 10 parametrach. Naprzyk\u0142ad zawarto\u015b\u0107 metali ci\u0119\u017ckich, zawarto\u015b\u0107 alergen\u00f3w, odporno\u015b\u0107 na \u015bcieranie, odporno\u015b\u0107 na \u015bwiat\u0142o, &#8230;<\/p>\n<p>We wszystkich punktach spe\u0142niamy najwi\u0119ksze standardy. Nasza firma posiada certyfikaty: ISO 9001, ISO 14000. Etykiety s\u0105 testowane na 23 parametrach.<\/p>\t\t\t\t\t\t<\/div>\n\t\t\t\t<\/div>\n\t\t\t\t<section class=\"elementor-section elementor-inner-section elementor-element elementor-element-1427b75 elementor-section-boxed elementor-section-height-default elementor-section-height-default\" data-id=\"1427b75\" data-element_type=\"section\" data-settings=\"{&quot;background_background&quot;:&quot;classic&quot;}\">\n\t\t\t\t\t\t<div class=\"elementor-container elementor-column-gap-default\">\n\t\t\t\t\t<div class=\"elementor-column elementor-col-33 elementor-inner-column elementor-element elementor-element-9f9a2b4\" data-id=\"9f9a2b4\" data-element_type=\"column\">\n\t\t\t<div class=\"elementor-widget-wrap elementor-element-populated\">\n\t\t\t\t\t\t<div class=\"elementor-element elementor-element-242bb54 elementor-widget elementor-widget-image\" data-id=\"242bb54\" data-element_type=\"widget\" data-widget_type=\"image.default\">\n\t\t\t\t<div class=\"elementor-widget-container\">\n\t\t\t\t\t\t\t\t\t\t\t\t\t\t<a href=\"https:\/\/www.higa.sk\/wp-content\/uploads\/2022\/08\/company-ISO-9001-2022.jpg\" data-elementor-open-lightbox=\"yes\" data-elementor-lightbox-title=\"company-ISO-9001-2022\" data-e-action-hash=\"#elementor-action%3Aaction%3Dlightbox%26settings%3DeyJpZCI6MjE4NSwidXJsIjoiaHR0cHM6XC9cL3d3dy5oaWdhLnNrXC93cC1jb250ZW50XC91cGxvYWRzXC8yMDIyXC8wOFwvY29tcGFueS1JU08tOTAwMS0yMDIyLmpwZyJ9\">\n\t\t\t\t\t\t\t<img fetchpriority=\"high\" decoding=\"async\" width=\"215\" height=\"300\" src=\"https:\/\/www.higa.sk\/wp-content\/uploads\/2022\/08\/company-ISO-9001-2022-215x300.jpg\" class=\"attachment-medium size-medium wp-image-2185\" alt=\"\" srcset=\"https:\/\/www.higa.sk\/wp-content\/uploads\/2022\/08\/company-ISO-9001-2022-215x300.jpg 215w, https:\/\/www.higa.sk\/wp-content\/uploads\/2022\/08\/company-ISO-9001-2022.jpg 644w\" sizes=\"(max-width: 215px) 100vw, 215px\" \/>\t\t\t\t\t\t\t\t<\/a>\n\t\t\t\t\t\t\t\t\t\t\t\t\t<\/div>\n\t\t\t\t<\/div>\n\t\t\t\t<div class=\"elementor-element elementor-element-278ef3b elementor-widget elementor-widget-heading\" data-id=\"278ef3b\" data-element_type=\"widget\" data-widget_type=\"heading.default\">\n\t\t\t\t<div class=\"elementor-widget-container\">\n\t\t\t<h5 class=\"elementor-heading-title elementor-size-default\">Certyfikat ISO 9001:2015<\/h5>\t\t<\/div>\n\t\t\t\t<\/div>\n\t\t\t\t\t<\/div>\n\t\t<\/div>\n\t\t\t\t<div class=\"elementor-column elementor-col-33 elementor-inner-column elementor-element elementor-element-db19a07\" data-id=\"db19a07\" data-element_type=\"column\">\n\t\t\t<div class=\"elementor-widget-wrap elementor-element-populated\">\n\t\t\t\t\t\t<div class=\"elementor-element elementor-element-999fcee elementor-widget elementor-widget-image\" data-id=\"999fcee\" data-element_type=\"widget\" data-widget_type=\"image.default\">\n\t\t\t\t<div class=\"elementor-widget-container\">\n\t\t\t\t\t\t\t\t\t\t\t\t\t\t<a href=\"https:\/\/www.higa.sk\/wp-content\/uploads\/2022\/08\/company-ISO-14001-2022.jpg\" data-elementor-open-lightbox=\"yes\" data-elementor-lightbox-title=\"company-ISO-14001-2022\" data-e-action-hash=\"#elementor-action%3Aaction%3Dlightbox%26settings%3DeyJpZCI6MjE4NiwidXJsIjoiaHR0cHM6XC9cL3d3dy5oaWdhLnNrXC93cC1jb250ZW50XC91cGxvYWRzXC8yMDIyXC8wOFwvY29tcGFueS1JU08tMTQwMDEtMjAyMi5qcGcifQ%3D%3D\">\n\t\t\t\t\t\t\t<img decoding=\"async\" width=\"215\" height=\"300\" src=\"https:\/\/www.higa.sk\/wp-content\/uploads\/2022\/08\/company-ISO-14001-2022-215x300.jpg\" class=\"attachment-medium size-medium wp-image-2186\" alt=\"\" srcset=\"https:\/\/www.higa.sk\/wp-content\/uploads\/2022\/08\/company-ISO-14001-2022-215x300.jpg 215w, https:\/\/www.higa.sk\/wp-content\/uploads\/2022\/08\/company-ISO-14001-2022.jpg 644w\" sizes=\"(max-width: 215px) 100vw, 215px\" \/>\t\t\t\t\t\t\t\t<\/a>\n\t\t\t\t\t\t\t\t\t\t\t\t\t<\/div>\n\t\t\t\t<\/div>\n\t\t\t\t<div class=\"elementor-element elementor-element-737a75d elementor-widget elementor-widget-heading\" data-id=\"737a75d\" data-element_type=\"widget\" data-widget_type=\"heading.default\">\n\t\t\t\t<div class=\"elementor-widget-container\">\n\t\t\t<h5 class=\"elementor-heading-title elementor-size-default\">Certifik\u00e1t ISO 14001:2015<\/h5>\t\t<\/div>\n\t\t\t\t<\/div>\n\t\t\t\t\t<\/div>\n\t\t<\/div>\n\t\t\t\t<div class=\"elementor-column elementor-col-33 elementor-inner-column elementor-element elementor-element-e621c64\" data-id=\"e621c64\" data-element_type=\"column\">\n\t\t\t<div class=\"elementor-widget-wrap elementor-element-populated\">\n\t\t\t\t\t\t<div class=\"elementor-element elementor-element-c191431 elementor-widget elementor-widget-image\" data-id=\"c191431\" data-element_type=\"widget\" data-widget_type=\"image.default\">\n\t\t\t\t<div class=\"elementor-widget-container\">\n\t\t\t\t\t\t\t\t\t\t\t\t\t\t<a href=\"https:\/\/www.higa.sk\/wp-content\/uploads\/2022\/05\/Testreport.jpg\" data-elementor-open-lightbox=\"yes\" data-elementor-lightbox-title=\"Testreport\" data-e-action-hash=\"#elementor-action%3Aaction%3Dlightbox%26settings%3DeyJpZCI6MjE3MiwidXJsIjoiaHR0cHM6XC9cL3d3dy5oaWdhLnNrXC93cC1jb250ZW50XC91cGxvYWRzXC8yMDIyXC8wNVwvVGVzdHJlcG9ydC5qcGcifQ%3D%3D\">\n\t\t\t\t\t\t\t<img decoding=\"async\" width=\"211\" height=\"300\" src=\"https:\/\/www.higa.sk\/wp-content\/uploads\/2022\/05\/Testreport-211x300.jpg\" class=\"attachment-medium size-medium wp-image-2172\" alt=\"\" srcset=\"https:\/\/www.higa.sk\/wp-content\/uploads\/2022\/05\/Testreport-211x300.jpg 211w, https:\/\/www.higa.sk\/wp-content\/uploads\/2022\/05\/Testreport.jpg 595w\" sizes=\"(max-width: 211px) 100vw, 211px\" \/>\t\t\t\t\t\t\t\t<\/a>\n\t\t\t\t\t\t\t\t\t\t\t\t\t<\/div>\n\t\t\t\t<\/div>\n\t\t\t\t<div class=\"elementor-element elementor-element-b5c750d elementor-widget elementor-widget-heading\" data-id=\"b5c750d\" data-element_type=\"widget\" data-widget_type=\"heading.default\">\n\t\t\t\t<div class=\"elementor-widget-container\">\n\t\t\t<h5 class=\"elementor-heading-title elementor-size-default\">Raport z testu 2022 <\/h5>\t\t<\/div>\n\t\t\t\t<\/div>\n\t\t\t\t\t<\/div>\n\t\t<\/div>\n\t\t\t\t\t<\/div>\n\t\t<\/section>\n\t\t\t\t\t<\/div>\n\t\t<\/div>\n\t\t\t\t\t<\/div>\n\t\t<\/section>\n\t\t\t\t<\/div>\n\t\t","protected":false},"excerpt":{"rendered":"<p>Dokumenty Certyfikaty, oficjalne dokumenty Je\u015bli chcesz dowiedzie\u0107 si\u0119 wi\u0119cej o nas. Polityka zwrot\u00f3w Obowi\u0105zuje od 1.1.2021 Produkty dostarczone od firmy Higa s.r.o. Spe\u0142niaj\u0105 nasurowsze kryteria na jako\u015b\u0107 materia\u0142u. Spe\u0142niaj\u0105 wymagania normy OEKO-TEX 100 a nadaj\u0105 si\u0119 do stosowania na odzie\u017c dzieci\u0119c\u0105, maj\u0105c\u0105 kontakt ze sk\u00f3r\u0105 Nie zawieraj\u0105 \u017cadne metale ci\u0119\u017ckie ani niebezpieczne materia\u0142y Klientowi w [&hellip;]<\/p>\n","protected":false},"author":2,"featured_media":0,"parent":0,"menu_order":0,"comment_status":"closed","ping_status":"closed","template":"elementor_header_footer","meta":{"footnotes":""},"_links":{"self":[{"href":"https:\/\/www.higa.sk\/index.php\/wp-json\/wp\/v2\/pages\/2288"}],"collection":[{"href":"https:\/\/www.higa.sk\/index.php\/wp-json\/wp\/v2\/pages"}],"about":[{"href":"https:\/\/www.higa.sk\/index.php\/wp-json\/wp\/v2\/types\/page"}],"author":[{"embeddable":true,"href":"https:\/\/www.higa.sk\/index.php\/wp-json\/wp\/v2\/users\/2"}],"replies":[{"embeddable":true,"href":"https:\/\/www.higa.sk\/index.php\/wp-json\/wp\/v2\/comments?post=2288"}],"version-history":[{"count":16,"href":"https:\/\/www.higa.sk\/index.php\/wp-json\/wp\/v2\/pages\/2288\/revisions"}],"predecessor-version":[{"id":2487,"href":"https:\/\/www.higa.sk\/index.php\/wp-json\/wp\/v2\/pages\/2288\/revisions\/2487"}],"wp:attachment":[{"href":"https:\/\/www.higa.sk\/index.php\/wp-json\/wp\/v2\/media?parent=2288"}],"curies":[{"name":"wp","href":"https:\/\/api.w.org\/{rel}","templated":true}]}}